{"id":103,"date":"2018-01-19T11:55:38","date_gmt":"2018-01-19T10:55:38","guid":{"rendered":"http:\/\/www.wymiana-fis.pl\/?page_id=103"},"modified":"2025-02-21T14:44:55","modified_gmt":"2025-02-21T13:44:55","slug":"strona-glowna","status":"publish","type":"page","link":"http:\/\/www.wymiana-fis.pl\/","title":{"rendered":"G\u0142\u00f3wna"},"content":{"rendered":"<p><a href=\"http:\/\/www.wymiana-fis.pl\/wp-content\/uploads\/2016\/12\/pox.jpg\"><img loading=\"lazy\" decoding=\"async\" class=\" wp-image-4\" src=\"http:\/\/www.wymiana-fis.pl\/wp-content\/uploads\/2016\/12\/pox-300x178.jpg\" alt=\"\" width=\"600\" height=\"356\" srcset=\"http:\/\/www.wymiana-fis.pl\/wp-content\/uploads\/2016\/12\/pox-300x178.jpg 300w, http:\/\/www.wymiana-fis.pl\/wp-content\/uploads\/2016\/12\/pox-768x456.jpg 768w, http:\/\/www.wymiana-fis.pl\/wp-content\/uploads\/2016\/12\/pox.jpg 800w\" sizes=\"auto, (max-width: 600px) 100vw, 600px\" \/><\/a><\/p>\n<h2>Masz uszkodzony wy\u015bwietlacz FIS (MFA) w liczniku w swoim samochodzie ?<\/h2>\n<h3>Dobrze trafi\u0142e\u015b !<\/h3>\n<p>Zajmujemy si\u0119 napraw\u0105 licznika a dok\u0142adniej wymian\u0105 wy\u015bwietlaczy w licznikach z tzw. <strong>pe\u0142nym FIS (MFA) lub P\u00f3\u0142 FIS\/MFA (1\/2 FIS, ma\u0142y FIS)<\/strong> w takich samochodach jak VW Passat VW Golf, Audi A4, A6, A3, Seat, Skoda i wiele innych. Pe\u0142na lista modeli w odpowiednich zak\u0142adkach. Wy\u015bwietlacze te pokazuj\u0105 spalanie, ostrzegaj\u0105 o braku p\u0142yn\u00f3w itp.<\/p>\n<p><strong>Je\u015bli nie wiesz jaki masz wy\u015bwietlacz zr\u00f3b zdj\u0119cie, wy\u015blij MMS dla weryfikacji, pomog\u0119.\u00a0<\/strong><\/p>\n<p>Wymian\u0119 wykonujemy w <strong>miejscowo\u015bci Rzoz\u00f3w 354 pod skawin\u0105<\/strong> &#8211; mo\u017cliwa wymiana na &#8222;poczekaniu&#8221; w ci\u0105gu 1h &#8211; 2h po wcze\u015bniejszym um\u00f3wieniu si\u0119. Mog\u0105 Pa\u0144stwo r\u00f3wnie\u017c wys\u0142a\u0107 sam licznik kurierem lub poczt\u0105 polsk\u0105.<\/p>\n<p>Je\u015bli kupi\u0142e\u015b ju\u017c wy\u015bwietlacz FIS na w\u0142asn\u0105 r\u0119k\u0119, zadzwo\u0144 &#8211; wymienimy Ci go.<\/p>\n<p>Cena r\u00f3\u017cni si\u0119 w zale\u017cno\u015bci od marki i modelu samochodu, oferta skierowana jest dla os\u00f3b posiadaj\u0105cych ju\u017c nowy wy\u015bwietlacz do wymiany jak r\u00f3wnie\u017c dla tych kt\u00f3rzy takiego nie posiadaj\u0105.<br \/><strong>Udzielamy gwarancji na wykonan\u0105 us\u0142ug\u0119 pod warunkiem nie &#8222;grzebania&#8221; przy LCD.<\/strong><\/p>\n<p>Wymiana wy\u015bwietlacza mo\u017cliwa tak\u017ce w niekt\u00f3re soboty pod wskazanym adresem. Prosimy o kontakt telefoniczny w celu ustalenia terminu. Przy wysy\u0142ce licznika poczt\u0105 lub kurierem prosz\u0119 o kontakt w celu uzyskania dok\u0142adnych danych do wysy\u0142ki aby przesy\u0142ka bez przeszk\u00f3d dotar\u0142a do nas. Jeste\u015bmy legalnie dzia\u0142aj\u0105c\u0105 firm\u0105. Wystawiamy Faktury Vat na nasze us\u0142ugi.<\/p>\n<pre><strong>FIS (Fahrer Information System)  <\/strong><br \/><strong>MFA (Multi funktions anzeige)<\/strong><\/pre>\n<p><a href=\"http:\/\/www.wymiana-fis.pl\/wp-content\/uploads\/2016\/12\/przedx.jpg\"><img loading=\"lazy\" decoding=\"async\" class=\" wp-image-5\" src=\"http:\/\/www.wymiana-fis.pl\/wp-content\/uploads\/2016\/12\/przedx-300x188.jpg\" alt=\"\" width=\"555\" height=\"348\" srcset=\"http:\/\/www.wymiana-fis.pl\/wp-content\/uploads\/2016\/12\/przedx-300x188.jpg 300w, http:\/\/www.wymiana-fis.pl\/wp-content\/uploads\/2016\/12\/przedx-768x480.jpg 768w, http:\/\/www.wymiana-fis.pl\/wp-content\/uploads\/2016\/12\/przedx.jpg 800w\" sizes=\"auto, (max-width: 555px) 100vw, 555px\" \/><\/a><\/p>\n\n\n<p><\/p>\n","protected":false},"excerpt":{"rendered":"<p>Masz uszkodzony wy\u015bwietlacz FIS (MFA) w liczniku w swoim samochodzie ? Dobrze trafi\u0142e\u015b ! Zajmujemy si\u0119 napraw\u0105 licznika a dok\u0142adniej wymian\u0105 wy\u015bwietlaczy w licznikach z tzw. pe\u0142nym FIS (MFA) lub P\u00f3\u0142 FIS\/MFA (1\/2 FIS, ma\u0142y FIS) w takich samochodach jak VW Passat VW Golf, Audi A4, A6, A3, Seat, Skoda i wiele innych. Pe\u0142na lista [&hellip;]<\/p>\n","protected":false},"author":1,"featured_media":0,"parent":0,"menu_order":0,"comment_status":"closed","ping_status":"closed","template":"","meta":{"_monsterinsights_skip_tracking":false,"_monsterinsights_sitenote_active":false,"_monsterinsights_sitenote_note":"","_monsterinsights_sitenote_category":0,"footnotes":""},"class_list":["post-103","page","type-page","status-publish","hentry","post"],"_links":{"self":[{"href":"http:\/\/www.wymiana-fis.pl\/index.php?rest_route=\/wp\/v2\/pages\/103","targetHints":{"allow":["GET"]}}],"collection":[{"href":"http:\/\/www.wymiana-fis.pl\/index.php?rest_route=\/wp\/v2\/pages"}],"about":[{"href":"http:\/\/www.wymiana-fis.pl\/index.php?rest_route=\/wp\/v2\/types\/page"}],"author":[{"embeddable":true,"href":"http:\/\/www.wymiana-fis.pl\/index.php?rest_route=\/wp\/v2\/users\/1"}],"replies":[{"embeddable":true,"href":"http:\/\/www.wymiana-fis.pl\/index.php?rest_route=%2Fwp%2Fv2%2Fcomments&post=103"}],"version-history":[{"count":9,"href":"http:\/\/www.wymiana-fis.pl\/index.php?rest_route=\/wp\/v2\/pages\/103\/revisions"}],"predecessor-version":[{"id":280,"href":"http:\/\/www.wymiana-fis.pl\/index.php?rest_route=\/wp\/v2\/pages\/103\/revisions\/280"}],"wp:attachment":[{"href":"http:\/\/www.wymiana-fis.pl\/index.php?rest_route=%2Fwp%2Fv2%2Fmedia&parent=103"}],"curies":[{"name":"wp","href":"https:\/\/api.w.org\/{rel}","templated":true}]}}