{"id":181,"date":"2020-07-17T15:22:12","date_gmt":"2020-07-17T13:22:12","guid":{"rendered":"http:\/\/www.wymiana-fis.pl\/?page_id=181"},"modified":"2025-01-10T22:05:03","modified_gmt":"2025-01-10T21:05:03","slug":"wyswietlacze-w-saab","status":"publish","type":"page","link":"http:\/\/www.wymiana-fis.pl\/?page_id=181","title":{"rendered":"Wy\u015bwietlacze w SAAB"},"content":{"rendered":"\n<p>Je\u015bli szukasz Naprawy wy\u015bwietlacza w samochodzie SAAB typu SID1, SID2, Panelu klimatyzacji &#8211; zadzwo\u0144 ! Jest mo\u017cliwo\u015b\u0107 regeneracji takiego wy\u015bwietlacza u nas. Naprawa polega na wymianie na now\u0105, ta\u015bmy \u0142\u0105cz\u0105cej p\u0142yt\u0119 steruj\u0105c\u0105 w wy\u015bwietlaczem. Poni\u017cej efekty takiej wymiany. <\/p>\n\n\n\n<figure class=\"wp-block-image size-large\"><img loading=\"lazy\" decoding=\"async\" width=\"800\" height=\"416\" src=\"http:\/\/www.wymiana-fis.pl\/wp-content\/uploads\/2020\/07\/20200717_110120strona.jpg\" alt=\"\" class=\"wp-image-184\" srcset=\"http:\/\/www.wymiana-fis.pl\/wp-content\/uploads\/2020\/07\/20200717_110120strona.jpg 800w, http:\/\/www.wymiana-fis.pl\/wp-content\/uploads\/2020\/07\/20200717_110120strona-300x156.jpg 300w, http:\/\/www.wymiana-fis.pl\/wp-content\/uploads\/2020\/07\/20200717_110120strona-768x399.jpg 768w\" sizes=\"auto, (max-width: 800px) 100vw, 800px\" \/><figcaption>Przyk\u0142adowy panel SAAB SID2 przed napraw\u0105.<\/figcaption><\/figure>\n\n\n\n<figure class=\"wp-block-image size-large\"><img loading=\"lazy\" decoding=\"async\" width=\"800\" height=\"464\" src=\"http:\/\/www.wymiana-fis.pl\/wp-content\/uploads\/2020\/07\/20200717_120718strona.jpg\" alt=\"SID2 po naprawie\" class=\"wp-image-183\" srcset=\"http:\/\/www.wymiana-fis.pl\/wp-content\/uploads\/2020\/07\/20200717_120718strona.jpg 800w, http:\/\/www.wymiana-fis.pl\/wp-content\/uploads\/2020\/07\/20200717_120718strona-300x174.jpg 300w, http:\/\/www.wymiana-fis.pl\/wp-content\/uploads\/2020\/07\/20200717_120718strona-768x445.jpg 768w\" sizes=\"auto, (max-width: 800px) 100vw, 800px\" \/><figcaption>Przyk\u0142adowy panel SAAB SID2 po naprawie.<\/figcaption><\/figure>\n","protected":false},"excerpt":{"rendered":"<p>Je\u015bli szukasz Naprawy wy\u015bwietlacza w samochodzie SAAB typu SID1, SID2, Panelu klimatyzacji &#8211; zadzwo\u0144 ! Jest mo\u017cliwo\u015b\u0107 regeneracji takiego wy\u015bwietlacza u nas. Naprawa polega na wymianie na now\u0105, ta\u015bmy \u0142\u0105cz\u0105cej p\u0142yt\u0119 steruj\u0105c\u0105 w wy\u015bwietlaczem. Poni\u017cej efekty takiej wymiany.<\/p>\n","protected":false},"author":1,"featured_media":0,"parent":0,"menu_order":3,"comment_status":"closed","ping_status":"closed","template":"","meta":{"_monsterinsights_skip_tracking":false,"_monsterinsights_sitenote_active":false,"_monsterinsights_sitenote_note":"","_monsterinsights_sitenote_category":0,"footnotes":""},"class_list":["post-181","page","type-page","status-publish","hentry","post"],"_links":{"self":[{"href":"http:\/\/www.wymiana-fis.pl\/index.php?rest_route=\/wp\/v2\/pages\/181","targetHints":{"allow":["GET"]}}],"collection":[{"href":"http:\/\/www.wymiana-fis.pl\/index.php?rest_route=\/wp\/v2\/pages"}],"about":[{"href":"http:\/\/www.wymiana-fis.pl\/index.php?rest_route=\/wp\/v2\/types\/page"}],"author":[{"embeddable":true,"href":"http:\/\/www.wymiana-fis.pl\/index.php?rest_route=\/wp\/v2\/users\/1"}],"replies":[{"embeddable":true,"href":"http:\/\/www.wymiana-fis.pl\/index.php?rest_route=%2Fwp%2Fv2%2Fcomments&post=181"}],"version-history":[{"count":3,"href":"http:\/\/www.wymiana-fis.pl\/index.php?rest_route=\/wp\/v2\/pages\/181\/revisions"}],"predecessor-version":[{"id":186,"href":"http:\/\/www.wymiana-fis.pl\/index.php?rest_route=\/wp\/v2\/pages\/181\/revisions\/186"}],"wp:attachment":[{"href":"http:\/\/www.wymiana-fis.pl\/index.php?rest_route=%2Fwp%2Fv2%2Fmedia&parent=181"}],"curies":[{"name":"wp","href":"https:\/\/api.w.org\/{rel}","templated":true}]}}