{"id":250,"date":"2025-02-20T19:33:27","date_gmt":"2025-02-20T18:33:27","guid":{"rendered":"http:\/\/www.wymiana-fis.pl\/?page_id=250"},"modified":"2025-02-21T14:27:34","modified_gmt":"2025-02-21T13:27:34","slug":"ford","status":"publish","type":"page","link":"http:\/\/www.wymiana-fis.pl\/?page_id=250","title":{"rendered":"FORD"},"content":{"rendered":"\n<p>Je\u015bli masz problem z zimnymi lutami w licznikach samochod\u00f3w FORD &#8211; samoch\u00f3d traci moc, dziwnie si\u0119 zachowuje to skontaktuj si\u0119 telefonicznie &#8211; by\u0107 mo\u017ce uda si\u0119 nam pom\u00f3c !<\/p>\n\n\n\n<p>Tak samo gdy wy\u015bwietlacz ju\u017c jest niewidoczny mo\u017cemy wymieni\u0107 go na nowy co rozwi\u0105\u017ce problem ! <\/p>\n\n\n\n<p><\/p>\n\n\n\n<figure class=\"wp-block-table\"><table class=\"has-fixed-layout\"><tbody><tr><td class=\"has-text-align-center\" data-align=\"center\"><img loading=\"lazy\" decoding=\"async\" width=\"220\" height=\"211\" class=\"wp-image-271\" style=\"width: 220px;\" src=\"http:\/\/www.wymiana-fis.pl\/wp-content\/uploads\/2025\/02\/ford-3.png\" alt=\"\" srcset=\"http:\/\/www.wymiana-fis.pl\/wp-content\/uploads\/2025\/02\/ford-3.png 458w, http:\/\/www.wymiana-fis.pl\/wp-content\/uploads\/2025\/02\/ford-3-300x288.png 300w\" sizes=\"auto, (max-width: 220px) 100vw, 220px\" \/><br>Przyk\u0142adowy wy\u015bwietlacz 1\/2 FIS pasuj\u0105cy do modeli :<\/td><td class=\"has-text-align-center\" data-align=\"center\"><img loading=\"lazy\" decoding=\"async\" width=\"220\" height=\"218\" class=\"wp-image-269\" style=\"width: 220px;\" src=\"http:\/\/www.wymiana-fis.pl\/wp-content\/uploads\/2025\/02\/fordfull.png\" alt=\"\" srcset=\"http:\/\/www.wymiana-fis.pl\/wp-content\/uploads\/2025\/02\/fordfull.png 454w, http:\/\/www.wymiana-fis.pl\/wp-content\/uploads\/2025\/02\/fordfull-300x297.png 300w, http:\/\/www.wymiana-fis.pl\/wp-content\/uploads\/2025\/02\/fordfull-150x150.png 150w\" sizes=\"auto, (max-width: 220px) 100vw, 220px\" \/><br>Przyk\u0142adowy wy\u015bwietlacz FULL FIS pasuj\u0105cy do modeli :<\/td><\/tr><tr><td class=\"has-text-align-center\" data-align=\"center\">Ford FOCUS 2008-2011<\/td><td class=\"has-text-align-center\" data-align=\"center\">Ford FOCUS 2005-2010<\/td><\/tr><tr><td class=\"has-text-align-center\" data-align=\"center\">Ford C-MAX 2007-2010<\/td><td class=\"has-text-align-center\" data-align=\"center\">Ford C-MAX 2003-2010<\/td><\/tr><tr><td class=\"has-text-align-center\" data-align=\"center\">Ford GALAXY 2006-2012<\/td><td class=\"has-text-align-center\" data-align=\"center\">Ford GALAXY 2006-2012<\/td><\/tr><tr><td class=\"has-text-align-center\" data-align=\"center\">Ford KUGA 2008-2012<\/td><td class=\"has-text-align-center\" data-align=\"center\">Ford KUGA 2008-2012<\/td><\/tr><tr><td class=\"has-text-align-center\" data-align=\"center\"><\/td><td class=\"has-text-align-center\" data-align=\"center\">Ford MONDEO 2007-2012<\/td><\/tr><tr><td class=\"has-text-align-center\" data-align=\"center\"><\/td><td class=\"has-text-align-center\" data-align=\"center\">Ford S-MAX 2006-2016<\/td><\/tr><\/tbody><\/table><\/figure>\n\n\n\n<p><\/p>\n\n\n\n<p><\/p>\n\n\n\n<p><\/p>\n\n\n\n<p><\/p>\n\n\n\n<p><\/p>\n\n\n\n<p><\/p>\n","protected":false},"excerpt":{"rendered":"<p>Je\u015bli masz problem z zimnymi lutami w licznikach samochod\u00f3w FORD &#8211; samoch\u00f3d traci moc, dziwnie si\u0119 zachowuje to skontaktuj si\u0119 telefonicznie &#8211; by\u0107 mo\u017ce uda si\u0119 nam pom\u00f3c ! Tak samo gdy wy\u015bwietlacz ju\u017c jest niewidoczny mo\u017cemy wymieni\u0107 go na nowy co rozwi\u0105\u017ce problem ! Przyk\u0142adowy wy\u015bwietlacz 1\/2 FIS pasuj\u0105cy do modeli : Przyk\u0142adowy wy\u015bwietlacz [&hellip;]<\/p>\n","protected":false},"author":1,"featured_media":0,"parent":0,"menu_order":0,"comment_status":"closed","ping_status":"closed","template":"","meta":{"_monsterinsights_skip_tracking":false,"_monsterinsights_sitenote_active":false,"_monsterinsights_sitenote_note":"","_monsterinsights_sitenote_category":0,"footnotes":""},"class_list":["post-250","page","type-page","status-publish","hentry","post"],"_links":{"self":[{"href":"http:\/\/www.wymiana-fis.pl\/index.php?rest_route=\/wp\/v2\/pages\/250","targetHints":{"allow":["GET"]}}],"collection":[{"href":"http:\/\/www.wymiana-fis.pl\/index.php?rest_route=\/wp\/v2\/pages"}],"about":[{"href":"http:\/\/www.wymiana-fis.pl\/index.php?rest_route=\/wp\/v2\/types\/page"}],"author":[{"embeddable":true,"href":"http:\/\/www.wymiana-fis.pl\/index.php?rest_route=\/wp\/v2\/users\/1"}],"replies":[{"embeddable":true,"href":"http:\/\/www.wymiana-fis.pl\/index.php?rest_route=%2Fwp%2Fv2%2Fcomments&post=250"}],"version-history":[{"count":9,"href":"http:\/\/www.wymiana-fis.pl\/index.php?rest_route=\/wp\/v2\/pages\/250\/revisions"}],"predecessor-version":[{"id":273,"href":"http:\/\/www.wymiana-fis.pl\/index.php?rest_route=\/wp\/v2\/pages\/250\/revisions\/273"}],"wp:attachment":[{"href":"http:\/\/www.wymiana-fis.pl\/index.php?rest_route=%2Fwp%2Fv2%2Fmedia&parent=250"}],"curies":[{"name":"wp","href":"https:\/\/api.w.org\/{rel}","templated":true}]}}