{"id":28,"date":"2016-12-16T14:32:19","date_gmt":"2016-12-16T13:32:19","guid":{"rendered":"http:\/\/www.wymiana-fis.pl\/?page_id=28"},"modified":"2025-01-10T22:05:50","modified_gmt":"2025-01-10T21:05:50","slug":"mapa","status":"publish","type":"page","link":"http:\/\/www.wymiana-fis.pl\/?page_id=28","title":{"rendered":"Mapa"},"content":{"rendered":"<p>Drodzy klienci po wielu latach obecno\u015bci w okolicy Bagr w krakowie przyszed\u0142 czas na zmiany, aktualnie znajdujemy si\u0119 w miejscowo\u015bci Rzoz\u00f3w 354 pod skawin\u0105. Zach\u0119camy do odwiedzin nas w nowym miejscu.\u00a0<\/p>\n<p>\u00a0<\/p>\n\n\n<iframe src=\"https:\/\/www.google.com\/maps\/embed?pb=!1m18!1m12!1m3!1d41073.31920322643!2d19.79408753303583!3d49.953555821820764!2m3!1f0!2f0!3f0!3m2!1i1024!2i768!4f13.1!3m3!1m2!1s0x471667410c6cc8b7%3A0xa000d23c46fb8772!2zUnpvesOzdyAzNTQsIDMyLTA1MiBSem96w7N3!5e0!3m2!1spl!2spl!4v1736537499920!5m2!1spl!2spl\" width=\"900\" height=\"550\" style=\"border:0;\" allowfullscreen=\"\" loading=\"lazy\" referrerpolicy=\"no-referrer-when-downgrade\"><\/iframe>\n","protected":false},"excerpt":{"rendered":"<p>Drodzy klienci po wielu latach obecno\u015bci w okolicy Bagr w krakowie przyszed\u0142 czas na zmiany, aktualnie znajdujemy si\u0119 w miejscowo\u015bci Rzoz\u00f3w 354 pod skawin\u0105. Zach\u0119camy do odwiedzin nas w nowym miejscu.\u00a0 \u00a0<\/p>\n","protected":false},"author":1,"featured_media":0,"parent":0,"menu_order":4,"comment_status":"closed","ping_status":"closed","template":"","meta":{"_monsterinsights_skip_tracking":false,"_monsterinsights_sitenote_active":false,"_monsterinsights_sitenote_note":"","_monsterinsights_sitenote_category":0,"footnotes":""},"class_list":["post-28","page","type-page","status-publish","hentry","post"],"_links":{"self":[{"href":"http:\/\/www.wymiana-fis.pl\/index.php?rest_route=\/wp\/v2\/pages\/28","targetHints":{"allow":["GET"]}}],"collection":[{"href":"http:\/\/www.wymiana-fis.pl\/index.php?rest_route=\/wp\/v2\/pages"}],"about":[{"href":"http:\/\/www.wymiana-fis.pl\/index.php?rest_route=\/wp\/v2\/types\/page"}],"author":[{"embeddable":true,"href":"http:\/\/www.wymiana-fis.pl\/index.php?rest_route=\/wp\/v2\/users\/1"}],"replies":[{"embeddable":true,"href":"http:\/\/www.wymiana-fis.pl\/index.php?rest_route=%2Fwp%2Fv2%2Fcomments&post=28"}],"version-history":[{"count":8,"href":"http:\/\/www.wymiana-fis.pl\/index.php?rest_route=\/wp\/v2\/pages\/28\/revisions"}],"predecessor-version":[{"id":214,"href":"http:\/\/www.wymiana-fis.pl\/index.php?rest_route=\/wp\/v2\/pages\/28\/revisions\/214"}],"wp:attachment":[{"href":"http:\/\/www.wymiana-fis.pl\/index.php?rest_route=%2Fwp%2Fv2%2Fmedia&parent=28"}],"curies":[{"name":"wp","href":"https:\/\/api.w.org\/{rel}","templated":true}]}}